{"id":3418,"date":"2024-02-04T18:40:28","date_gmt":"2024-02-04T23:40:28","guid":{"rendered":"https:\/\/gandalfstore.com\/?post_type=product&#038;p=3418"},"modified":"2026-04-30T23:32:17","modified_gmt":"2026-05-01T04:32:17","slug":"chica-en-la-ventana-salvador-dali-1000-piezas-ricordi","status":"publish","type":"product","link":"https:\/\/gandalfstore.com\/en\/rompecabezas-ricordi\/chica-en-la-ventana-salvador-dali-1000-piezas-ricordi\/","title":{"rendered":"Chica en la Ventana (Salvador Dal\u00ed) &#8211; 1000 piezas &#8211; Ricordi"},"content":{"rendered":"<ul>\n<li><strong>Nombre Original:<\/strong> Girt at the Window<\/li>\n<li><strong>Autor:<\/strong> Salvador Dal\u00ed<\/li>\n<li><strong>Marca:<\/strong> <em>Ricordi<\/em>, marca italiana especializada en la elaboraci\u00f3n de rompecabezas de arte, que abarcan obras de diversos autores y estilos, con una amplia selecci\u00f3n de pinturas reconocidas a nivel mundial.<\/li>\n<li><strong>Piezas:<\/strong> 1000<\/li>\n<li><strong>Dimensiones Caja:<\/strong> 31.5 x 22.8 x 5.9 cm.<\/li>\n<li><strong>Dimensiones Rompecabezas armado:<\/strong> 70 cm x 50 cm<\/li>\n<li><strong>Peso:<\/strong> 0,781 kg.<\/li>\n<li><strong>Orientaci\u00f3n:<\/strong> Vertical<\/li>\n<li><strong>Informaci\u00f3n<\/strong>:\n<ul>\n<li>\u00abChica en la Ventana\u00bb destaca como la obra m\u00e1s destacada dentro del ciclo de doce retratos de Anna Mar\u00eda, la hermana de Salvador Dal\u00ed. La pintura evoca las vacaciones familiares en Gerona, Catalu\u00f1a. Expertos en la materia sostienen que esta obra en particular transmite una inefable sensaci\u00f3n de paz, atribuible a los h\u00e1biles juegos de luz que el autor incorpor\u00f3 en los pliegues del vestido de la modelo, as\u00ed como a la serenidad de su postura frente a la ventana.<\/li>\n<li><strong>A\u00f1o de finalizaci\u00f3n:<\/strong> 1925<\/li>\n<li><strong>T\u00e9cnica utilizada:<\/strong> \u00d3leo sobre cart\u00f3n piedra<\/li>\n<li>Pertenece al movimiento art\u00edstico del <strong>Surrealismo<\/strong><\/li>\n<li><strong>Dimensiones originales:<\/strong> 68 x 130 cm<\/li>\n<li><strong>Ubicaci\u00f3n:<\/strong> Museo Espa\u00f1ol de Arte Contempor\u00e1neo, Espa\u00f1a<\/li>\n<\/ul>\n<\/li>\n<\/ul>","protected":false},"excerpt":{"rendered":"<p>Chica en la Ventana (Salvador Dal\u00ed) &#8211; 1000 piezas &#8211; Ricordi<\/p>","protected":false},"featured_media":3341,"comment_status":"open","ping_status":"closed","template":"","meta":{"jetpack_post_was_ever_published":false,"cybocfi_hide_featured_image":"","_joinchat":[]},"product_cat":[149,181,180],"product_tag":[118,183,182],"yoast_head":"<!-- This site is optimized with the Yoast SEO plugin v21.7 - https:\/\/yoast.com\/wordpress\/plugins\/seo\/ -->\n<title>Chica en la Ventana (Salvador Dal\u00ed) - 1000 piezas - Ricordi - Gandalf Store!<\/title>\n<meta name=\"description\" content=\"Chica en la Ventana (Salvador Dal\u00ed) - 1000 piezas - Ricordi\" \/>\n<meta name=\"robots\" content=\"index, follow, max-snippet:-1, max-image-preview:large, max-video-preview:-1\" \/>\n<link rel=\"canonical\" href=\"https:\/\/gandalfstore.com\/en\/rompecabezas-ricordi\/chica-en-la-ventana-salvador-dali-1000-piezas-ricordi\/\" \/>\n<meta property=\"og:locale\" content=\"en_US\" \/>\n<meta property=\"og:type\" content=\"article\" \/>\n<meta property=\"og:title\" content=\"Chica en la Ventana (Salvador Dal\u00ed) - 1000 piezas - Ricordi - Gandalf Store!\" \/>\n<meta property=\"og:description\" content=\"Chica en la Ventana (Salvador Dal\u00ed) - 1000 piezas - Ricordi\" \/>\n<meta property=\"og:url\" content=\"https:\/\/gandalfstore.com\/en\/rompecabezas-ricordi\/chica-en-la-ventana-salvador-dali-1000-piezas-ricordi\/\" \/>\n<meta property=\"og:site_name\" content=\"Gandalf Store!\" \/>\n<meta property=\"article:publisher\" content=\"https:\/\/www.facebook.com\/GandalfStore\" \/>\n<meta property=\"article:modified_time\" content=\"2026-05-01T04:32:17+00:00\" \/>\n<meta property=\"og:image\" content=\"https:\/\/gandalfstore.com\/wp-content\/uploads\/2023\/12\/17_GirlAtTheWindow_Marco.png\" \/>\n\t<meta property=\"og:image:width\" content=\"1080\" \/>\n\t<meta property=\"og:image:height\" content=\"1080\" \/>\n\t<meta property=\"og:image:type\" content=\"image\/png\" \/>\n<meta name=\"twitter:card\" content=\"summary_large_image\" \/>\n<meta name=\"twitter:label1\" content=\"Est. reading time\" \/>\n\t<meta name=\"twitter:data1\" content=\"1 minute\" \/>\n<script type=\"application\/ld+json\" class=\"yoast-schema-graph\">{\"@context\":\"https:\/\/schema.org\",\"@graph\":[{\"@type\":\"WebPage\",\"@id\":\"https:\/\/gandalfstore.com\/rompecabezas-ricordi\/chica-en-la-ventana-salvador-dali-1000-piezas-ricordi\/\",\"url\":\"https:\/\/gandalfstore.com\/rompecabezas-ricordi\/chica-en-la-ventana-salvador-dali-1000-piezas-ricordi\/\",\"name\":\"Chica en la Ventana (Salvador Dal\u00ed) - 1000 piezas - Ricordi - Gandalf Store!\",\"isPartOf\":{\"@id\":\"https:\/\/gandalfstore.com\/#website\"},\"datePublished\":\"2024-02-04T23:40:28+00:00\",\"dateModified\":\"2026-05-01T04:32:17+00:00\",\"description\":\"Chica en la Ventana (Salvador Dal\u00ed) - 1000 piezas - Ricordi\",\"breadcrumb\":{\"@id\":\"https:\/\/gandalfstore.com\/rompecabezas-ricordi\/chica-en-la-ventana-salvador-dali-1000-piezas-ricordi\/#breadcrumb\"},\"inLanguage\":\"en-US\",\"potentialAction\":[{\"@type\":\"ReadAction\",\"target\":[\"https:\/\/gandalfstore.com\/rompecabezas-ricordi\/chica-en-la-ventana-salvador-dali-1000-piezas-ricordi\/\"]}]},{\"@type\":\"BreadcrumbList\",\"@id\":\"https:\/\/gandalfstore.com\/rompecabezas-ricordi\/chica-en-la-ventana-salvador-dali-1000-piezas-ricordi\/#breadcrumb\",\"itemListElement\":[{\"@type\":\"ListItem\",\"position\":1,\"name\":\"Home\",\"item\":\"https:\/\/gandalfstore.com\/\"},{\"@type\":\"ListItem\",\"position\":2,\"name\":\"Rompecabezas\",\"item\":\"https:\/\/gandalfstore.com\/rompecabezas\/\"},{\"@type\":\"ListItem\",\"position\":3,\"name\":\"Chica en la Ventana (Salvador Dal\u00ed) &#8211; 1000 piezas &#8211; Ricordi\"}]},{\"@type\":\"WebSite\",\"@id\":\"https:\/\/gandalfstore.com\/#website\",\"url\":\"https:\/\/gandalfstore.com\/\",\"name\":\"Gandalf Store!\",\"description\":\"Gandalf Store\",\"publisher\":{\"@id\":\"https:\/\/gandalfstore.com\/#organization\"},\"potentialAction\":[{\"@type\":\"SearchAction\",\"target\":{\"@type\":\"EntryPoint\",\"urlTemplate\":\"https:\/\/gandalfstore.com\/?s={search_term_string}\"},\"query-input\":\"required name=search_term_string\"}],\"inLanguage\":\"en-US\"},{\"@type\":\"Organization\",\"@id\":\"https:\/\/gandalfstore.com\/#organization\",\"name\":\"Gandalf Store!\",\"url\":\"https:\/\/gandalfstore.com\/\",\"logo\":{\"@type\":\"ImageObject\",\"inLanguage\":\"en-US\",\"@id\":\"https:\/\/gandalfstore.com\/#\/schema\/logo\/image\/\",\"url\":\"https:\/\/gandalfstore.com\/wp-content\/uploads\/2023\/10\/image-17.png\",\"contentUrl\":\"https:\/\/gandalfstore.com\/wp-content\/uploads\/2023\/10\/image-17.png\",\"width\":202,\"height\":80,\"caption\":\"Gandalf Store!\"},\"image\":{\"@id\":\"https:\/\/gandalfstore.com\/#\/schema\/logo\/image\/\"},\"sameAs\":[\"https:\/\/www.facebook.com\/GandalfStore\",\"https:\/\/www.instagram.com\/rompecabezas.peru\/\"]}]}<\/script>\n<!-- \/ Yoast SEO plugin. -->","yoast_head_json":{"title":"Chica en la Ventana (Salvador Dal\u00ed) - 1000 piezas - Ricordi - Gandalf Store!","description":"Chica en la Ventana (Salvador Dal\u00ed) - 1000 piezas - Ricordi","robots":{"index":"index","follow":"follow","max-snippet":"max-snippet:-1","max-image-preview":"max-image-preview:large","max-video-preview":"max-video-preview:-1"},"canonical":"https:\/\/gandalfstore.com\/en\/rompecabezas-ricordi\/chica-en-la-ventana-salvador-dali-1000-piezas-ricordi\/","og_locale":"en_US","og_type":"article","og_title":"Chica en la Ventana (Salvador Dal\u00ed) - 1000 piezas - Ricordi - Gandalf Store!","og_description":"Chica en la Ventana (Salvador Dal\u00ed) - 1000 piezas - Ricordi","og_url":"https:\/\/gandalfstore.com\/en\/rompecabezas-ricordi\/chica-en-la-ventana-salvador-dali-1000-piezas-ricordi\/","og_site_name":"Gandalf Store!","article_publisher":"https:\/\/www.facebook.com\/GandalfStore","article_modified_time":"2026-05-01T04:32:17+00:00","og_image":[{"width":1080,"height":1080,"url":"https:\/\/gandalfstore.com\/wp-content\/uploads\/2023\/12\/17_GirlAtTheWindow_Marco.png","type":"image\/png"}],"twitter_card":"summary_large_image","twitter_misc":{"Est. reading time":"1 minute"},"schema":{"@context":"https:\/\/schema.org","@graph":[{"@type":"WebPage","@id":"https:\/\/gandalfstore.com\/rompecabezas-ricordi\/chica-en-la-ventana-salvador-dali-1000-piezas-ricordi\/","url":"https:\/\/gandalfstore.com\/rompecabezas-ricordi\/chica-en-la-ventana-salvador-dali-1000-piezas-ricordi\/","name":"Chica en la Ventana (Salvador Dal\u00ed) - 1000 piezas - Ricordi - Gandalf Store!","isPartOf":{"@id":"https:\/\/gandalfstore.com\/#website"},"datePublished":"2024-02-04T23:40:28+00:00","dateModified":"2026-05-01T04:32:17+00:00","description":"Chica en la Ventana (Salvador Dal\u00ed) - 1000 piezas - Ricordi","breadcrumb":{"@id":"https:\/\/gandalfstore.com\/rompecabezas-ricordi\/chica-en-la-ventana-salvador-dali-1000-piezas-ricordi\/#breadcrumb"},"inLanguage":"en-US","potentialAction":[{"@type":"ReadAction","target":["https:\/\/gandalfstore.com\/rompecabezas-ricordi\/chica-en-la-ventana-salvador-dali-1000-piezas-ricordi\/"]}]},{"@type":"BreadcrumbList","@id":"https:\/\/gandalfstore.com\/rompecabezas-ricordi\/chica-en-la-ventana-salvador-dali-1000-piezas-ricordi\/#breadcrumb","itemListElement":[{"@type":"ListItem","position":1,"name":"Home","item":"https:\/\/gandalfstore.com\/"},{"@type":"ListItem","position":2,"name":"Rompecabezas","item":"https:\/\/gandalfstore.com\/rompecabezas\/"},{"@type":"ListItem","position":3,"name":"Chica en la Ventana (Salvador Dal\u00ed) &#8211; 1000 piezas &#8211; Ricordi"}]},{"@type":"WebSite","@id":"https:\/\/gandalfstore.com\/#website","url":"https:\/\/gandalfstore.com\/","name":"Gandalf Store!","description":"Gandalf Store","publisher":{"@id":"https:\/\/gandalfstore.com\/#organization"},"potentialAction":[{"@type":"SearchAction","target":{"@type":"EntryPoint","urlTemplate":"https:\/\/gandalfstore.com\/?s={search_term_string}"},"query-input":"required name=search_term_string"}],"inLanguage":"en-US"},{"@type":"Organization","@id":"https:\/\/gandalfstore.com\/#organization","name":"Gandalf Store!","url":"https:\/\/gandalfstore.com\/","logo":{"@type":"ImageObject","inLanguage":"en-US","@id":"https:\/\/gandalfstore.com\/#\/schema\/logo\/image\/","url":"https:\/\/gandalfstore.com\/wp-content\/uploads\/2023\/10\/image-17.png","contentUrl":"https:\/\/gandalfstore.com\/wp-content\/uploads\/2023\/10\/image-17.png","width":202,"height":80,"caption":"Gandalf Store!"},"image":{"@id":"https:\/\/gandalfstore.com\/#\/schema\/logo\/image\/"},"sameAs":["https:\/\/www.facebook.com\/GandalfStore","https:\/\/www.instagram.com\/rompecabezas.peru\/"]}]}},"jetpack_sharing_enabled":true,"_links":{"self":[{"href":"https:\/\/gandalfstore.com\/en\/wp-json\/wp\/v2\/product\/3418"}],"collection":[{"href":"https:\/\/gandalfstore.com\/en\/wp-json\/wp\/v2\/product"}],"about":[{"href":"https:\/\/gandalfstore.com\/en\/wp-json\/wp\/v2\/types\/product"}],"replies":[{"embeddable":true,"href":"https:\/\/gandalfstore.com\/en\/wp-json\/wp\/v2\/comments?post=3418"}],"wp:featuredmedia":[{"embeddable":true,"href":"https:\/\/gandalfstore.com\/en\/wp-json\/wp\/v2\/media\/3341"}],"wp:attachment":[{"href":"https:\/\/gandalfstore.com\/en\/wp-json\/wp\/v2\/media?parent=3418"}],"wp:term":[{"taxonomy":"product_cat","embeddable":true,"href":"https:\/\/gandalfstore.com\/en\/wp-json\/wp\/v2\/product_cat?post=3418"},{"taxonomy":"product_tag","embeddable":true,"href":"https:\/\/gandalfstore.com\/en\/wp-json\/wp\/v2\/product_tag?post=3418"}],"curies":[{"name":"wp","href":"https:\/\/api.w.org\/{rel}","templated":true}]}}