{"id":3435,"date":"2024-02-05T00:51:40","date_gmt":"2024-02-05T05:51:40","guid":{"rendered":"https:\/\/gandalfstore.com\/?post_type=product&#038;p=3435"},"modified":"2025-12-07T23:47:33","modified_gmt":"2025-12-08T04:47:33","slug":"arearea-paul-gauguin-1500-piezas-ricordi","status":"publish","type":"product","link":"https:\/\/gandalfstore.com\/en\/rompecabezas-ricordi\/arearea-paul-gauguin-1500-piezas-ricordi\/","title":{"rendered":"Arearea (Paul Gauguin) &#8211; 1500 piezas &#8211; Ricordi"},"content":{"rendered":"<ul>\n<li><strong>Nombre Original:<\/strong> Arearea<\/li>\n<li><strong>Autor:<\/strong> Paul Gauguin<\/li>\n<li><strong>Marca:<\/strong> <em>Ricordi<\/em>, marca italiana especializada en la elaboraci\u00f3n de rompecabezas de arte, que abarcan obras de diversos autores y estilos, con una amplia selecci\u00f3n de pinturas reconocidas a nivel mundial.<\/li>\n<li><strong>Piezas:<\/strong> 1500<\/li>\n<li><strong>Dimensiones Caja:<\/strong> 31.5 x 22.8 x 5.9 cm.<\/li>\n<li><strong>Dimensiones Rompecabezas armado:<\/strong> 80 cm x 60 cm<\/li>\n<li><strong>Peso:<\/strong> 0,970 kg.<\/li>\n<li><strong>Orientaci\u00f3n:<\/strong> Vertical<\/li>\n<li><strong>Informaci\u00f3n<\/strong>:\n<ul>\n<li>\u00abArearea\u00bb, tambi\u00e9n conocida como \u00abEl Perro Rojo\u00bb, es una expresi\u00f3n art\u00edstica del pintor franc\u00e9s Paul Gauguin. Su enfoque se centra en la fusi\u00f3n de la m\u00fasica con la pintura, evidente en la mujer que toca la flauta en segundo plano, mientras que en el fondo tres figuras danzan.<\/li>\n<\/ul>\n<\/li>\n<\/ul>","protected":false},"excerpt":{"rendered":"<p>Arearea (Paul Gauguin) &#8211; 1500 piezas &#8211; Ricordi<\/p>","protected":false},"featured_media":3383,"comment_status":"open","ping_status":"closed","template":"","meta":{"jetpack_post_was_ever_published":false,"cybocfi_hide_featured_image":"","_joinchat":[]},"product_cat":[186,181,180],"product_tag":[187,183,182],"yoast_head":"<!-- This site is optimized with the Yoast SEO plugin v21.7 - https:\/\/yoast.com\/wordpress\/plugins\/seo\/ -->\n<title>Arearea (Paul Gauguin) - 1500 piezas - Ricordi - Gandalf Store!<\/title>\n<meta name=\"description\" content=\"Arearea (Paul Gauguin) - 1500 piezas - Ricordi\" \/>\n<meta name=\"robots\" content=\"index, follow, max-snippet:-1, max-image-preview:large, max-video-preview:-1\" \/>\n<link rel=\"canonical\" href=\"https:\/\/gandalfstore.com\/en\/rompecabezas-ricordi\/arearea-paul-gauguin-1500-piezas-ricordi\/\" \/>\n<meta property=\"og:locale\" content=\"en_US\" \/>\n<meta property=\"og:type\" content=\"article\" \/>\n<meta property=\"og:title\" content=\"Arearea (Paul Gauguin) - 1500 piezas - Ricordi - Gandalf Store!\" \/>\n<meta property=\"og:description\" content=\"Arearea (Paul Gauguin) - 1500 piezas - Ricordi\" \/>\n<meta property=\"og:url\" content=\"https:\/\/gandalfstore.com\/en\/rompecabezas-ricordi\/arearea-paul-gauguin-1500-piezas-ricordi\/\" \/>\n<meta property=\"og:site_name\" content=\"Gandalf Store!\" \/>\n<meta property=\"article:publisher\" content=\"https:\/\/www.facebook.com\/GandalfStore\" \/>\n<meta property=\"article:modified_time\" content=\"2025-12-08T04:47:33+00:00\" \/>\n<meta property=\"og:image\" content=\"https:\/\/gandalfstore.com\/wp-content\/uploads\/2023\/12\/31_Arearea_Marco.png\" \/>\n\t<meta property=\"og:image:width\" content=\"1080\" \/>\n\t<meta property=\"og:image:height\" content=\"1080\" \/>\n\t<meta property=\"og:image:type\" content=\"image\/png\" \/>\n<meta name=\"twitter:card\" content=\"summary_large_image\" \/>\n<meta name=\"twitter:label1\" content=\"Est. reading time\" \/>\n\t<meta name=\"twitter:data1\" content=\"1 minute\" \/>\n<script type=\"application\/ld+json\" class=\"yoast-schema-graph\">{\"@context\":\"https:\/\/schema.org\",\"@graph\":[{\"@type\":\"WebPage\",\"@id\":\"https:\/\/gandalfstore.com\/rompecabezas-ricordi\/arearea-paul-gauguin-1500-piezas-ricordi\/\",\"url\":\"https:\/\/gandalfstore.com\/rompecabezas-ricordi\/arearea-paul-gauguin-1500-piezas-ricordi\/\",\"name\":\"Arearea (Paul Gauguin) - 1500 piezas - Ricordi - Gandalf Store!\",\"isPartOf\":{\"@id\":\"https:\/\/gandalfstore.com\/#website\"},\"datePublished\":\"2024-02-05T05:51:40+00:00\",\"dateModified\":\"2025-12-08T04:47:33+00:00\",\"description\":\"Arearea (Paul Gauguin) - 1500 piezas - Ricordi\",\"breadcrumb\":{\"@id\":\"https:\/\/gandalfstore.com\/rompecabezas-ricordi\/arearea-paul-gauguin-1500-piezas-ricordi\/#breadcrumb\"},\"inLanguage\":\"en-US\",\"potentialAction\":[{\"@type\":\"ReadAction\",\"target\":[\"https:\/\/gandalfstore.com\/rompecabezas-ricordi\/arearea-paul-gauguin-1500-piezas-ricordi\/\"]}]},{\"@type\":\"BreadcrumbList\",\"@id\":\"https:\/\/gandalfstore.com\/rompecabezas-ricordi\/arearea-paul-gauguin-1500-piezas-ricordi\/#breadcrumb\",\"itemListElement\":[{\"@type\":\"ListItem\",\"position\":1,\"name\":\"Home\",\"item\":\"https:\/\/gandalfstore.com\/\"},{\"@type\":\"ListItem\",\"position\":2,\"name\":\"Rompecabezas\",\"item\":\"https:\/\/gandalfstore.com\/rompecabezas\/\"},{\"@type\":\"ListItem\",\"position\":3,\"name\":\"Arearea (Paul Gauguin) &#8211; 1500 piezas &#8211; Ricordi\"}]},{\"@type\":\"WebSite\",\"@id\":\"https:\/\/gandalfstore.com\/#website\",\"url\":\"https:\/\/gandalfstore.com\/\",\"name\":\"Gandalf Store!\",\"description\":\"Gandalf Store\",\"publisher\":{\"@id\":\"https:\/\/gandalfstore.com\/#organization\"},\"potentialAction\":[{\"@type\":\"SearchAction\",\"target\":{\"@type\":\"EntryPoint\",\"urlTemplate\":\"https:\/\/gandalfstore.com\/?s={search_term_string}\"},\"query-input\":\"required name=search_term_string\"}],\"inLanguage\":\"en-US\"},{\"@type\":\"Organization\",\"@id\":\"https:\/\/gandalfstore.com\/#organization\",\"name\":\"Gandalf Store!\",\"url\":\"https:\/\/gandalfstore.com\/\",\"logo\":{\"@type\":\"ImageObject\",\"inLanguage\":\"en-US\",\"@id\":\"https:\/\/gandalfstore.com\/#\/schema\/logo\/image\/\",\"url\":\"https:\/\/gandalfstore.com\/wp-content\/uploads\/2023\/10\/image-17.png\",\"contentUrl\":\"https:\/\/gandalfstore.com\/wp-content\/uploads\/2023\/10\/image-17.png\",\"width\":202,\"height\":80,\"caption\":\"Gandalf Store!\"},\"image\":{\"@id\":\"https:\/\/gandalfstore.com\/#\/schema\/logo\/image\/\"},\"sameAs\":[\"https:\/\/www.facebook.com\/GandalfStore\",\"https:\/\/www.instagram.com\/rompecabezas.peru\/\"]}]}<\/script>\n<!-- \/ Yoast SEO plugin. -->","yoast_head_json":{"title":"Arearea (Paul Gauguin) - 1500 piezas - Ricordi - Gandalf Store!","description":"Arearea (Paul Gauguin) - 1500 piezas - Ricordi","robots":{"index":"index","follow":"follow","max-snippet":"max-snippet:-1","max-image-preview":"max-image-preview:large","max-video-preview":"max-video-preview:-1"},"canonical":"https:\/\/gandalfstore.com\/en\/rompecabezas-ricordi\/arearea-paul-gauguin-1500-piezas-ricordi\/","og_locale":"en_US","og_type":"article","og_title":"Arearea (Paul Gauguin) - 1500 piezas - Ricordi - Gandalf Store!","og_description":"Arearea (Paul Gauguin) - 1500 piezas - Ricordi","og_url":"https:\/\/gandalfstore.com\/en\/rompecabezas-ricordi\/arearea-paul-gauguin-1500-piezas-ricordi\/","og_site_name":"Gandalf Store!","article_publisher":"https:\/\/www.facebook.com\/GandalfStore","article_modified_time":"2025-12-08T04:47:33+00:00","og_image":[{"width":1080,"height":1080,"url":"https:\/\/gandalfstore.com\/wp-content\/uploads\/2023\/12\/31_Arearea_Marco.png","type":"image\/png"}],"twitter_card":"summary_large_image","twitter_misc":{"Est. reading time":"1 minute"},"schema":{"@context":"https:\/\/schema.org","@graph":[{"@type":"WebPage","@id":"https:\/\/gandalfstore.com\/rompecabezas-ricordi\/arearea-paul-gauguin-1500-piezas-ricordi\/","url":"https:\/\/gandalfstore.com\/rompecabezas-ricordi\/arearea-paul-gauguin-1500-piezas-ricordi\/","name":"Arearea (Paul Gauguin) - 1500 piezas - Ricordi - Gandalf Store!","isPartOf":{"@id":"https:\/\/gandalfstore.com\/#website"},"datePublished":"2024-02-05T05:51:40+00:00","dateModified":"2025-12-08T04:47:33+00:00","description":"Arearea (Paul Gauguin) - 1500 piezas - Ricordi","breadcrumb":{"@id":"https:\/\/gandalfstore.com\/rompecabezas-ricordi\/arearea-paul-gauguin-1500-piezas-ricordi\/#breadcrumb"},"inLanguage":"en-US","potentialAction":[{"@type":"ReadAction","target":["https:\/\/gandalfstore.com\/rompecabezas-ricordi\/arearea-paul-gauguin-1500-piezas-ricordi\/"]}]},{"@type":"BreadcrumbList","@id":"https:\/\/gandalfstore.com\/rompecabezas-ricordi\/arearea-paul-gauguin-1500-piezas-ricordi\/#breadcrumb","itemListElement":[{"@type":"ListItem","position":1,"name":"Home","item":"https:\/\/gandalfstore.com\/"},{"@type":"ListItem","position":2,"name":"Rompecabezas","item":"https:\/\/gandalfstore.com\/rompecabezas\/"},{"@type":"ListItem","position":3,"name":"Arearea (Paul Gauguin) &#8211; 1500 piezas &#8211; Ricordi"}]},{"@type":"WebSite","@id":"https:\/\/gandalfstore.com\/#website","url":"https:\/\/gandalfstore.com\/","name":"Gandalf Store!","description":"Gandalf Store","publisher":{"@id":"https:\/\/gandalfstore.com\/#organization"},"potentialAction":[{"@type":"SearchAction","target":{"@type":"EntryPoint","urlTemplate":"https:\/\/gandalfstore.com\/?s={search_term_string}"},"query-input":"required name=search_term_string"}],"inLanguage":"en-US"},{"@type":"Organization","@id":"https:\/\/gandalfstore.com\/#organization","name":"Gandalf Store!","url":"https:\/\/gandalfstore.com\/","logo":{"@type":"ImageObject","inLanguage":"en-US","@id":"https:\/\/gandalfstore.com\/#\/schema\/logo\/image\/","url":"https:\/\/gandalfstore.com\/wp-content\/uploads\/2023\/10\/image-17.png","contentUrl":"https:\/\/gandalfstore.com\/wp-content\/uploads\/2023\/10\/image-17.png","width":202,"height":80,"caption":"Gandalf Store!"},"image":{"@id":"https:\/\/gandalfstore.com\/#\/schema\/logo\/image\/"},"sameAs":["https:\/\/www.facebook.com\/GandalfStore","https:\/\/www.instagram.com\/rompecabezas.peru\/"]}]}},"jetpack_sharing_enabled":true,"_links":{"self":[{"href":"https:\/\/gandalfstore.com\/en\/wp-json\/wp\/v2\/product\/3435"}],"collection":[{"href":"https:\/\/gandalfstore.com\/en\/wp-json\/wp\/v2\/product"}],"about":[{"href":"https:\/\/gandalfstore.com\/en\/wp-json\/wp\/v2\/types\/product"}],"replies":[{"embeddable":true,"href":"https:\/\/gandalfstore.com\/en\/wp-json\/wp\/v2\/comments?post=3435"}],"wp:featuredmedia":[{"embeddable":true,"href":"https:\/\/gandalfstore.com\/en\/wp-json\/wp\/v2\/media\/3383"}],"wp:attachment":[{"href":"https:\/\/gandalfstore.com\/en\/wp-json\/wp\/v2\/media?parent=3435"}],"wp:term":[{"taxonomy":"product_cat","embeddable":true,"href":"https:\/\/gandalfstore.com\/en\/wp-json\/wp\/v2\/product_cat?post=3435"},{"taxonomy":"product_tag","embeddable":true,"href":"https:\/\/gandalfstore.com\/en\/wp-json\/wp\/v2\/product_tag?post=3435"}],"curies":[{"name":"wp","href":"https:\/\/api.w.org\/{rel}","templated":true}]}}